{"id":2369,"date":"2020-04-07T00:14:32","date_gmt":"2020-04-06T22:14:32","guid":{"rendered":"https:\/\/bombardier.pro\/przemyslane-rozwiazania-solidne-studio\/"},"modified":"2022-09-22T02:50:18","modified_gmt":"2022-09-22T00:50:18","slug":"przemyslane-rozwiazania-solidne-studio","status":"publish","type":"page","link":"https:\/\/bombardier.pro\/en\/","title":{"rendered":"Thoughtful solutions. Solid studio"},"content":{"rendered":"\n<div class=\"wp-block-columns alignfull home-columns is-layout-flex wp-container-core-columns-is-layout-28f84493 wp-block-columns-is-layout-flex\">\n<div class=\"wp-block-column is-layout-flow wp-block-column-is-layout-flow\">\n<div class=\"wp-block-group home-content is-layout-flow wp-block-group-is-layout-flow\">\n<h6 class=\"wp-block-heading\">Agency<\/h6>\n\n\n\n<div class=\"wp-block-group agencja360 is-layout-flow wp-block-group-is-layout-flow\">\n<h2 class=\"wp-block-heading\"><strong>360<\/strong><\/h2>\n\n\n\n<figure class=\"wp-block-image size-large\"><img decoding=\"async\" src=\"https:\/\/bombardier.pro\/wp-content\/uploads\/2022\/08\/crosshair.svg\" alt=\"\" class=\"wp-image-1982\"\/><\/figure>\n<\/div>\n<\/div>\n\n\n<nav class=\"items-justified-space-between home-menu wp-block-navigation is-horizontal is-content-justification-space-between is-layout-flex wp-container-core-navigation-is-layout-fa30ff44 wp-block-navigation-is-layout-flex\" aria-label=\"MainEN\"><ul class=\"wp-block-navigation__container items-justified-space-between home-menu wp-block-navigation\"><li class=\" wp-block-navigation-item wp-block-navigation-link\"><a class=\"wp-block-navigation-item__content\"  href=\"https:\/\/bombardier.pro\/en\/about-us\/\"><span class=\"wp-block-navigation-item__label\">Who are we<\/span><\/a><\/li><li class=\" wp-block-navigation-item wp-block-navigation-link\"><a class=\"wp-block-navigation-item__content\"  href=\"https:\/\/bombardier.pro\/en\/what-do-we-do\/\"><span class=\"wp-block-navigation-item__label\">What do we do<\/span><\/a><\/li><li class=\" wp-block-navigation-item wp-block-navigation-link\"><a class=\"wp-block-navigation-item__content\"  href=\"https:\/\/bombardier.pro\/en\/projekty\/\"><span class=\"wp-block-navigation-item__label\">Projects<\/span><\/a><\/li><li class=\" wp-block-navigation-item wp-block-navigation-link\"><a class=\"wp-block-navigation-item__content\"  href=\"https:\/\/bombardier.pro\/en\/have-a-coffee-with-us\/\"><span class=\"wp-block-navigation-item__label\">Contact us<\/span><\/a><\/li><\/ul><\/nav>\n\n\n<figure class=\"wp-block-gallery has-nested-images columns-4 home-icons wp-block-gallery-1 is-layout-flex wp-block-gallery-is-layout-flex\">\n<figure class=\"wp-block-image size-large\"><img decoding=\"async\" data-id=\"91\" src=\"https:\/\/bombardier.pro\/wp-content\/uploads\/2020\/04\/i1.svg\" alt=\"\" class=\"wp-image-91\"\/><\/figure>\n\n\n\n<figure class=\"wp-block-image size-large\"><img decoding=\"async\" data-id=\"88\" src=\"https:\/\/bombardier.pro\/wp-content\/uploads\/2020\/04\/i2.svg\" alt=\"\" class=\"wp-image-88\"\/><\/figure>\n\n\n\n<figure class=\"wp-block-image size-large\"><img decoding=\"async\" data-id=\"89\" src=\"https:\/\/bombardier.pro\/wp-content\/uploads\/2020\/04\/i3.svg\" alt=\"\" class=\"wp-image-89\"\/><\/figure>\n\n\n\n<figure class=\"wp-block-image size-large\"><img decoding=\"async\" data-id=\"90\" src=\"https:\/\/bombardier.pro\/wp-content\/uploads\/2020\/04\/i4.svg\" alt=\"\" class=\"wp-image-90\"\/><\/figure>\n<\/figure>\n<\/div>\n\n\n\n<div class=\"wp-block-column is-layout-flow wp-block-column-is-layout-flow\">\n<div class=\"wp-block-nk-awb nk-awb\"><div class=\"nk-awb-wrap\" style=\"background-color:var(--theme-palette-color-2, #8E7731)\" data-awb-type=\"yt_vm_video\" data-awb-video=\"https:\/\/player.vimeo.com\/video\/562713454?background=1&amp;controls=0&amp;transparent=1\" data-awb-video-always-play=\"true\" data-awb-video-mobile=\"false\" data-awb-image-background-size=\"contain\" data-awb-image-background-position=\"50% 50%\"><div class=\"nk-awb-inner\"><img loading=\"lazy\" decoding=\"async\" src=\"https:\/\/bombardier.pro\/wp-content\/uploads\/2022\/08\/coffee.gif\" class=\"wp-image-1989 jarallax-img\" width=\"100\" height=\"100\" \/><\/div><\/div><\/div>\n<\/div>\n<\/div>\n","protected":false},"excerpt":{"rendered":"<p>Thoughtful solutions. Solid studio<\/p>\n","protected":false},"author":6,"featured_media":0,"parent":0,"menu_order":0,"comment_status":"closed","ping_status":"closed","template":"","meta":{"inline_featured_image":false,"footnotes":""},"class_list":["post-2369","page","type-page","status-publish","hentry"],"blocksy_meta":{"styles_descriptor":{"styles":{"desktop":"","tablet":"","mobile":""},"google_fonts":[],"version":6}},"yoast_head":"<!-- This site is optimized with the Yoast SEO plugin v26.5 - https:\/\/yoast.com\/wordpress\/plugins\/seo\/ -->\n<title>Thoughtful solutions. Solid studio - Bombardier Ad Agency<\/title>\n<meta name=\"robots\" content=\"index, follow, max-snippet:-1, max-image-preview:large, max-video-preview:-1\" \/>\n<link rel=\"canonical\" href=\"https:\/\/bombardier.pro\/en\/\" \/>\n<meta property=\"og:locale\" content=\"en_US\" \/>\n<meta property=\"og:type\" content=\"article\" \/>\n<meta property=\"og:title\" content=\"Thoughtful solutions. Solid studio - Bombardier Ad Agency\" \/>\n<meta property=\"og:description\" content=\"Thoughtful solutions. Solid studio\" \/>\n<meta property=\"og:url\" content=\"https:\/\/bombardier.pro\/en\/\" \/>\n<meta property=\"og:site_name\" content=\"Bombardier Ad Agency\" \/>\n<meta property=\"article:publisher\" content=\"https:\/\/www.facebook.com\/BombardierAdAgency\" \/>\n<meta property=\"article:modified_time\" content=\"2022-09-22T00:50:18+00:00\" \/>\n<meta name=\"twitter:card\" content=\"summary_large_image\" \/>\n<script type=\"application\/ld+json\" class=\"yoast-schema-graph\">{\"@context\":\"https:\/\/schema.org\",\"@graph\":[{\"@type\":\"WebPage\",\"@id\":\"https:\/\/bombardier.pro\/en\/\",\"url\":\"https:\/\/bombardier.pro\/en\/\",\"name\":\"Thoughtful solutions. Solid studio - Bombardier Ad Agency\",\"isPartOf\":{\"@id\":\"https:\/\/bombardier.pro\/#website\"},\"primaryImageOfPage\":{\"@id\":\"https:\/\/bombardier.pro\/en\/#primaryimage\"},\"image\":{\"@id\":\"https:\/\/bombardier.pro\/en\/#primaryimage\"},\"thumbnailUrl\":\"https:\/\/bombardier.pro\/wp-content\/uploads\/2022\/08\/crosshair.svg\",\"datePublished\":\"2020-04-06T22:14:32+00:00\",\"dateModified\":\"2022-09-22T00:50:18+00:00\",\"breadcrumb\":{\"@id\":\"https:\/\/bombardier.pro\/en\/#breadcrumb\"},\"inLanguage\":\"en-US\",\"potentialAction\":[{\"@type\":\"ReadAction\",\"target\":[\"https:\/\/bombardier.pro\/en\/\"]}]},{\"@type\":\"ImageObject\",\"inLanguage\":\"en-US\",\"@id\":\"https:\/\/bombardier.pro\/en\/#primaryimage\",\"url\":\"https:\/\/bombardier.pro\/wp-content\/uploads\/2022\/08\/crosshair.svg\",\"contentUrl\":\"https:\/\/bombardier.pro\/wp-content\/uploads\/2022\/08\/crosshair.svg\"},{\"@type\":\"BreadcrumbList\",\"@id\":\"https:\/\/bombardier.pro\/en\/#breadcrumb\",\"itemListElement\":[{\"@type\":\"ListItem\",\"position\":1,\"name\":\"Strona g\u0142\u00f3wna\",\"item\":\"https:\/\/bombardier.pro\/en\/\"},{\"@type\":\"ListItem\",\"position\":2,\"name\":\"Thoughtful solutions. Solid studio\"}]},{\"@type\":\"WebSite\",\"@id\":\"https:\/\/bombardier.pro\/#website\",\"url\":\"https:\/\/bombardier.pro\/\",\"name\":\"Bombardier Ad Agency\",\"description\":\"Jeste\u015bmy agencj\u0105 tworz\u0105c\u0105 nowoczesny, solidny i kreatywny marketing\",\"publisher\":{\"@id\":\"https:\/\/bombardier.pro\/#organization\"},\"potentialAction\":[{\"@type\":\"SearchAction\",\"target\":{\"@type\":\"EntryPoint\",\"urlTemplate\":\"https:\/\/bombardier.pro\/?s={search_term_string}\"},\"query-input\":{\"@type\":\"PropertyValueSpecification\",\"valueRequired\":true,\"valueName\":\"search_term_string\"}}],\"inLanguage\":\"en-US\"},{\"@type\":\"Organization\",\"@id\":\"https:\/\/bombardier.pro\/#organization\",\"name\":\"Bombardier Ad Agency\",\"url\":\"https:\/\/bombardier.pro\/\",\"logo\":{\"@type\":\"ImageObject\",\"inLanguage\":\"en-US\",\"@id\":\"https:\/\/bombardier.pro\/#\/schema\/logo\/image\/\",\"url\":\"https:\/\/bombardier.pro\/wp-content\/uploads\/2022\/09\/logo-1-1.svg\",\"contentUrl\":\"https:\/\/bombardier.pro\/wp-content\/uploads\/2022\/09\/logo-1-1.svg\",\"width\":330,\"height\":67,\"caption\":\"Bombardier Ad Agency\"},\"image\":{\"@id\":\"https:\/\/bombardier.pro\/#\/schema\/logo\/image\/\"},\"sameAs\":[\"https:\/\/www.facebook.com\/BombardierAdAgency\",\"https:\/\/www.behance.net\/BombardierADAgency\",\"https:\/\/www.instagram.com\/bombardieradagency\/\",\"https:\/\/www.tiktok.com\/@bombardier.agency\"]}]}<\/script>\n<!-- \/ Yoast SEO plugin. -->","yoast_head_json":{"title":"Thoughtful solutions. Solid studio - Bombardier Ad Agency","robots":{"index":"index","follow":"follow","max-snippet":"max-snippet:-1","max-image-preview":"max-image-preview:large","max-video-preview":"max-video-preview:-1"},"canonical":"https:\/\/bombardier.pro\/en\/","og_locale":"en_US","og_type":"article","og_title":"Thoughtful solutions. Solid studio - Bombardier Ad Agency","og_description":"Thoughtful solutions. Solid studio","og_url":"https:\/\/bombardier.pro\/en\/","og_site_name":"Bombardier Ad Agency","article_publisher":"https:\/\/www.facebook.com\/BombardierAdAgency","article_modified_time":"2022-09-22T00:50:18+00:00","twitter_card":"summary_large_image","schema":{"@context":"https:\/\/schema.org","@graph":[{"@type":"WebPage","@id":"https:\/\/bombardier.pro\/en\/","url":"https:\/\/bombardier.pro\/en\/","name":"Thoughtful solutions. Solid studio - Bombardier Ad Agency","isPartOf":{"@id":"https:\/\/bombardier.pro\/#website"},"primaryImageOfPage":{"@id":"https:\/\/bombardier.pro\/en\/#primaryimage"},"image":{"@id":"https:\/\/bombardier.pro\/en\/#primaryimage"},"thumbnailUrl":"https:\/\/bombardier.pro\/wp-content\/uploads\/2022\/08\/crosshair.svg","datePublished":"2020-04-06T22:14:32+00:00","dateModified":"2022-09-22T00:50:18+00:00","breadcrumb":{"@id":"https:\/\/bombardier.pro\/en\/#breadcrumb"},"inLanguage":"en-US","potentialAction":[{"@type":"ReadAction","target":["https:\/\/bombardier.pro\/en\/"]}]},{"@type":"ImageObject","inLanguage":"en-US","@id":"https:\/\/bombardier.pro\/en\/#primaryimage","url":"https:\/\/bombardier.pro\/wp-content\/uploads\/2022\/08\/crosshair.svg","contentUrl":"https:\/\/bombardier.pro\/wp-content\/uploads\/2022\/08\/crosshair.svg"},{"@type":"BreadcrumbList","@id":"https:\/\/bombardier.pro\/en\/#breadcrumb","itemListElement":[{"@type":"ListItem","position":1,"name":"Strona g\u0142\u00f3wna","item":"https:\/\/bombardier.pro\/en\/"},{"@type":"ListItem","position":2,"name":"Thoughtful solutions. Solid studio"}]},{"@type":"WebSite","@id":"https:\/\/bombardier.pro\/#website","url":"https:\/\/bombardier.pro\/","name":"Bombardier Ad Agency","description":"Jeste\u015bmy agencj\u0105 tworz\u0105c\u0105 nowoczesny, solidny i kreatywny marketing","publisher":{"@id":"https:\/\/bombardier.pro\/#organization"},"potentialAction":[{"@type":"SearchAction","target":{"@type":"EntryPoint","urlTemplate":"https:\/\/bombardier.pro\/?s={search_term_string}"},"query-input":{"@type":"PropertyValueSpecification","valueRequired":true,"valueName":"search_term_string"}}],"inLanguage":"en-US"},{"@type":"Organization","@id":"https:\/\/bombardier.pro\/#organization","name":"Bombardier Ad Agency","url":"https:\/\/bombardier.pro\/","logo":{"@type":"ImageObject","inLanguage":"en-US","@id":"https:\/\/bombardier.pro\/#\/schema\/logo\/image\/","url":"https:\/\/bombardier.pro\/wp-content\/uploads\/2022\/09\/logo-1-1.svg","contentUrl":"https:\/\/bombardier.pro\/wp-content\/uploads\/2022\/09\/logo-1-1.svg","width":330,"height":67,"caption":"Bombardier Ad Agency"},"image":{"@id":"https:\/\/bombardier.pro\/#\/schema\/logo\/image\/"},"sameAs":["https:\/\/www.facebook.com\/BombardierAdAgency","https:\/\/www.behance.net\/BombardierADAgency","https:\/\/www.instagram.com\/bombardieradagency\/","https:\/\/www.tiktok.com\/@bombardier.agency"]}]}},"_links":{"self":[{"href":"https:\/\/bombardier.pro\/en\/wp-json\/wp\/v2\/pages\/2369","targetHints":{"allow":["GET"]}}],"collection":[{"href":"https:\/\/bombardier.pro\/en\/wp-json\/wp\/v2\/pages"}],"about":[{"href":"https:\/\/bombardier.pro\/en\/wp-json\/wp\/v2\/types\/page"}],"author":[{"embeddable":true,"href":"https:\/\/bombardier.pro\/en\/wp-json\/wp\/v2\/users\/6"}],"replies":[{"embeddable":true,"href":"https:\/\/bombardier.pro\/en\/wp-json\/wp\/v2\/comments?post=2369"}],"version-history":[{"count":4,"href":"https:\/\/bombardier.pro\/en\/wp-json\/wp\/v2\/pages\/2369\/revisions"}],"predecessor-version":[{"id":2431,"href":"https:\/\/bombardier.pro\/en\/wp-json\/wp\/v2\/pages\/2369\/revisions\/2431"}],"wp:attachment":[{"href":"https:\/\/bombardier.pro\/en\/wp-json\/wp\/v2\/media?parent=2369"}],"curies":[{"name":"wp","href":"https:\/\/api.w.org\/{rel}","templated":true}]}}