{"id":2397,"date":"2020-06-09T03:51:45","date_gmt":"2020-06-09T01:51:45","guid":{"rendered":"https:\/\/bombardier.pro\/what-do-we-do\/"},"modified":"2022-09-12T09:50:40","modified_gmt":"2022-09-12T07:50:40","slug":"what-do-we-do","status":"publish","type":"page","link":"https:\/\/bombardier.pro\/en\/what-do-we-do\/","title":{"rendered":"What do we do?"},"content":{"rendered":"\n<div class=\"wp-block-group page-description is-layout-flow wp-block-group-is-layout-flow\">\n<div style=\"height:1rem\" aria-hidden=\"true\" class=\"wp-block-spacer\"><\/div>\n\n\n\n<div class=\"wp-block-group is-layout-flow wp-block-group-is-layout-flow\">\n<h1 class=\"has-text-align-center wp-block-heading\">What do we do?<\/h1>\n\n\n\n<p>The term &#8220;creative agency&#8221; obliges, therefore our offer includes a wide variety of services tailored to our clients\u2019 needs! Starting with consulting and branding, ending with advertising, social media and everything related to them!<\/p>\n<\/div>\n\n\n\n<figure class=\"wp-block-image aligncenter size-full is-resized\"><a href=\"#start\"><img loading=\"lazy\" decoding=\"async\" src=\"https:\/\/bombardier.pro\/wp-content\/uploads\/2022\/08\/mouse.svg\" alt=\"\" class=\"wp-image-2173\" width=\"59\" height=\"113\"\/><\/a><\/figure>\n<\/div>\n<script>\nlet buttons_titles = [\n\"PPC advertising\",\"Branding\",\"Web-design\",\"Social media\",\"Graphics\",\"Photography\",\"Video\",\"Have a&nbsp;coffee with&nbsp;us\"\n];\n<\/script>\n\n<!-- script src=\"https:\/\/s3-us-west-2.amazonaws.com\/s.cdpn.io\/16327\/MotionPathPlugin.min.js?1000\"><\/script -->\n<script src=\"https:\/\/cdn.jsdelivr.net\/npm\/gsap@3.14.1\/dist\/gsap.min.js\"><\/script>\n<script src=\"https:\/\/cdn.jsdelivr.net\/npm\/gsap@3.14.1\/dist\/MotionPathPlugin.min.js\"><\/script>\n<div id=\"content\">\n\n<div class=\"start\" id=\"start\">\n<section id=\"section\">\n<svg width=\"3581\" viewBox=\"0 0 3581 7407\" version=\"1.1\" xmlns=\"http:\/\/www.w3.org\/2000\/svg\" xmlns:xlink=\"http:\/\/www.w3.org\/1999\/xlink\" xml:space=\"preserve\" xmlns:serif=\"http:\/\/www.serif.com\/\" style=\"fill-rule:evenodd;clip-rule:evenodd;stroke-linecap:round;stroke-linejoin:round;stroke-miterlimit:1.5;\">\n<path id=\"movepath\" fill=\"none\" d=\"M1853.57,0.029C1853.57,0.029 1827.28,536.81 1614.84,663.442C993.818,1033.62 391.147,893.598 391.147,893.598C373.68,902.332 935.328,1174.36 1531.09,1238.56C1832.17,1271.01 1947.13,1243.48 2240.48,1116.41C2659.32,934.98 2587.58,746.9 2296.86,649.347C2027.28,558.883 1951.9,743.938 1956.7,913.554C1967.02,1278.07 2415.61,1465.09 2539.58,1512.96C2825.16,1623.24 3190.57,1664.08 3190.57,1664.08C3190.57,1664.08 2821.38,1794.38 2604.9,1902.71C2329.73,2040.41 1790.63,2414.8 1396.36,2285.22C1065.78,2176.58 917.418,1940.87 992.942,1798.3C1040.09,1709.28 1160.53,1686.24 1330.91,1673.61C1497.41,1661.26 2158.2,1686.39 2325.93,1895.09C2554.43,2179.39 1683.62,2505.46 1343.87,2571.68C985.134,2641.61 398.84,2602.72 447.794,2592.23C447.794,2592.23 1232.87,3059.14 1538.03,3190.57C1942.47,3364.76 2191.7,3348.68 2373.85,3046.76C2438.18,2940.13 2444.78,2783.31 2365.54,2743.84C2295.1,2708.76 2134.41,2708.94 2035.25,2707.84C1707.95,2704.22 1669.29,2888.66 1767.09,3038.22C1866.7,3190.55 2422.21,3355.93 2671.05,3392.02C2848.05,3417.69 3203.8,3455.77 3203.8,3455.77C3203.8,3455.77 2748.12,3771.64 2510.09,3913.33C2264.89,4059.29 1971.16,4260.14 1697.72,4272.76C1376.34,4287.59 1004.34,4127.36 951.755,3952.43C910.303,3814.53 904.615,3624.75 1052.3,3492.73C1251.65,3314.53 1718.75,3420.49 1717.77,3636.63C1717.01,3807.33 1321.02,4062.39 1079.89,4210.11C876.604,4334.65 445.069,4502.95 445.069,4502.95C496.265,4498.3 1224.47,4696.82 1469.41,4787.96C1772.6,4900.77 2172.16,5009.43 2416.41,5004.17C2655.38,4999.03 2858.02,4847.8 2934.04,4783.71C3164.08,4589.78 2984.42,4367.86 2550.59,4420.84C2379.09,4441.78 2081.82,4470.64 1904.29,4551.66C1507.5,4732.76 1501.76,4896.02 1955.04,5165.23C2131.69,5270.14 2516.56,5349.75 2753.52,5376.7C2990.49,5403.65 3236.74,5384.02 3236.74,5384.02C3236.74,5384.02 2738.55,5653.18 2478.98,5763.9C2219.41,5874.61 1965.78,5987.06 1679.3,6041.31C1317.55,6109.82 1228.7,5832.41 1333.6,5680.47C1419.65,5555.84 1560.51,5465.16 1698,5472.03C1803.34,5477.28 1893.86,5541.53 2010.71,5697.14C2137.44,5865.93 2162.26,5987.51 2085.54,6112.39C2007.59,6239.27 1543.22,6251.5 1271.59,6270.72C1011.12,6289.14 461.43,6290.39 461.43,6290.39C461.43,6303.61 1372.94,6641.95 1748.98,6754.05C2464.35,6967.31 2921.97,7070.64 3222.78,7067.21\" style=\"stroke-dasharray:20 10;\"><\/path>\n<g id=\"buttons\"><\/g>\n<\/svg>\n<\/section>\n\n<svg class=\"fly-plane\" xmlns=\"http:\/\/www.w3.org\/2000\/svg\" xmlns:xlink=\"http:\/\/www.w3.org\/1999\/xlink\" viewBox=\"0 0 300 300\" style=\"position:absolute; z-index:80; width:100px;\" >\n<g class=\"bombardierplane down\"><path d=\"M289.6 93.5l-7.4.2a21.8 21.8 0 00-.2-7h.8a3.8 3.8 0 000-7.6h-4.3a9.6 9.6 0 00-7.3-3.6 9.6 9.6 0 00-7.3 3.6H260a3.8 3.8 0 000 7.5h.3a21.4 21.4 0 00-.2 7.6l-14.3.3a21.6 21.6 0 00-.1-7.9h.8a3.8 3.8 0 000-7.5h-4.3a9.6 9.6 0 00-7.3-3.6 9.6 9.6 0 00-7.3 3.6h-3.8a3.8 3.8 0 000 7.5h.3a21.4 21.4 0 000 8.4l-14.7.3a21.6 21.6 0 000-8.7h.9a3.8 3.8 0 000-7.5H206a9.6 9.6 0 00-7.3-3.6 9.6 9.6 0 00-7.2 3.6h-3.8a3.8 3.8 0 000 7.5h.3a21.4 21.4 0 00.1 9.2l-12.8.3 2.4-43.9V52c0-14.8-11.6-42.3-28-42.3h-.8c-16.4 0-28 27.5-28 42.3v.2l2.4 43.9-13.5-.3a21 21 0 00.2-9.2h.8a3.8 3.8 0 000-7.5h-4.4a9.6 9.6 0 00-7.3-3.6A9.6 9.6 0 0092 79H88a3.8 3.8 0 000 7.5h.3a21.4 21.4 0 000 8.7L73.8 95a21.7 21.7 0 000-8.4h.8a3.8 3.8 0 000-7.5h-4.4a9.6 9.6 0 00-7.3-3.6 9.6 9.6 0 00-7.3 3.6H52a3.8 3.8 0 000 7.5h.3a21.4 21.4 0 00-.2 7.9l-14.3-.3a21.8 21.8 0 00-.2-7.6h.9a3.8 3.8 0 000-7.5H34a9.6 9.6 0 00-7.3-3.6 9.6 9.6 0 00-7.3 3.6h-3.7a3.8 3.8 0 000 7.5h.2a21.4 21.4 0 00-.2 7h-5.3c-3.8 0-6.8 3-6.8 6.7v17.3c0 3.6 2.6 6.7 6 7.2l116.6 17.8a1945 1945 0 007.3 88.6l-35 28.6c-1 .8-2.8 2.9-2.8 5.3v12a5 5 0 005.2 5l1.4-.2 36.9-10.1c3.3 16.9 6.4 18.6 9.7 18.6h.8c3.4 0 6.3-1.7 9.7-18.2l35.7 9.7 1.4.2c2.7 0 4.8-2.2 4.8-5v-12c0-1.9-1-4-2.6-5.4L165 232.3a1900.3 1900.3 0 007.4-89.5h1.2l116.8-18c3.4-.4 6-3.5 6-7.1v-17.4c0-3.7-3-6.7-6.8-6.7zM147 40c0 1-.8 1-1 1-4.3.8-9 5-11.6 11.2-.8 2-2.3-4.9-2.5-6-.9-8 6.9-22.9 14.1-24 .3 0 1 .2 1 1.2V40zm20.5 6.2c-.1 1.5-1.7 8-2.5 6-2.6-6.3-7.2-10.6-11.5-11.2-.2 0-.5 0-.5-.8V23.5c0-1 .5-1.3.8-1.2 7.2 1.3 14.3 16 13.7 24z\" fill-rule=\"nonzero\" clip-rule=\"evenodd\" stroke-linejoin=\"round\" stroke-miterlimit=\"2\"  \/><\/g>\n<\/svg>\n<div id=\"mobile-buttons\"><\/div>\n<script>\ndocument.addEventListener(\"DOMContentLoaded\", (event) => {\n\ngsap.registerPlugin(MotionPathPlugin);\n\n\/\/ BUTTONS\n\n\nlet buttons = [];\nlet mobilebuttons = [];\n\nfunction button_title(title) {\n\ttitle = title.split(\" \");\n\tvar result = \"\";\n\tvar dy = 28;\n\tif (title.length > 1) dy = 20;\n\tif (title.length > 2) dy = 14;\n\n\ttitle.forEach(element => result += '<tspan x=\"50%\" text-anchor=\"middle\" dy=\"'+dy+'\">'+element+'<\/tspan>');\n\treturn result;\n}\n\nfunction create_button(i, title, mobile = false) {\n\treturn (mobile?\"<div>\":\"\") + '<svg xmlns=\"http:\/\/www.w3.org\/2000\/svg\" fill-rule=\"evenodd\" stroke-linecap=\"round\" stroke-linejoin=\"round\" stroke-miterlimit=\"1.5\" clip-rule=\"evenodd\" viewBox=\"0 0 114 133\" id=\"'+(mobile?\"mobile-\":\"\")+'plane-button-' + i + '\" class=\"'+(mobile?\"mobile-plane-button\":\"\")+' plane-button\"><g fill-rule=\"nonzero\" class=\"target\"><path d=\"M44.81 21.17h-5.13a16.97 16.97 0 004.97 10.93c2.95 2.95 6.8 4.7 10.93 4.97v-5.14A12.01 12.01 0 0144.8 21.17zM57.92 31.93v5.14a16.97 16.97 0 0010.93-4.97c2.95-2.96 4.7-6.8 4.97-10.93h-5.13a12.01 12.01 0 01-10.77 10.76zM55.58 8.06V2.93A16.97 16.97 0 0044.65 7.9a16.97 16.97 0 00-4.97 10.93h5.13A12.01 12.01 0 0155.58 8.07zM68.69 18.83h5.13A16.98 16.98 0 0068.85 7.9a16.97 16.97 0 00-10.93-4.97v5.13A12.01 12.01 0 0168.7 18.84zM59.67 20a2.92 2.92 0 10-5.85 0 2.92 2.92 0 005.85 0z\"\/><path d=\"M57.92 25.13v4.45a9.67 9.67 0 008.4-8.4h-4.44a5.28 5.28 0 01-3.96 3.95zM57.92 10.42v4.45c1.96.45 3.51 2 3.96 3.96h4.45a9.67 9.67 0 00-8.4-8.4zM55.58 14.87v-4.45a9.67 9.67 0 00-8.4 8.4h4.44c.45-1.96 2-3.5 3.96-3.95zM51.62 21.17h-4.45a9.67 9.67 0 008.4 8.4v-4.44a5.28 5.28 0 01-3.95-3.96zM57.92 2.93V0h-2.34v2.93a16.89 16.89 0 012.34 0zM55.58 37.07V40h2.34v-2.93a16.89 16.89 0 01-2.34 0zM39.68 18.83h-2.93v2.34h2.93a16.89 16.89 0 010-2.34zM73.82 18.83a16.89 16.89 0 010 2.34h2.93v-2.34h-2.93z\"\/><\/g><a name=\"'+title+'\"><\/a><text x=\"50%\" text-anchor=\"middle\" y=\"45\" font-family=\"Montserrat\" font-size=\"14\">' + button_title(title) + '<\/text><g class=\"planebutton\"><path d=\"M112.75 115.65a16 16 0 00-16-16h-80a16 16 0 000 32h80a16 16 0 0016-16z\"\/><text x=\"50%\" text-anchor=\"middle\" y=\"120.57\" font-family=\"Montserrat\" font-size=\"14\">MORE<\/text><\/g><\/svg>' + (mobile?\"<\/div>\":\"\");\n}\n\nfunction update_button(title, i) {\n\tbuttons[i] = gsap.to(\"#plane-button-\"+i, { motionPath: {path: \"#movepath\",align: \"#movepath\",alignOrigin: [0.5, 0.14],start: 0,end: 1},paused:true,ease:0});\n\tgsap.to(buttons[i], 0, { progress: snap[i+1][0]} );\n}\n\nlet last_known_scroll_position = 0;\nlet previous_position = 0;\nlet ticking = false;\nlet pos = 0;\nlet snap = [[0,-0.20], [0.0267, 0.057], [0.0935, 0.185], [0.1902, 0.309], [0.2749, 0.445], [0.3821, 0.585], [0.5356, 0.720], [0.7249, 0.850], [1.0000, 10000]];\nlet snap_length = snap.length;\nlet snap_test = 0;\nlet lot;\n\nbuttons_titles.forEach((element, index) => jQuery(\"body\").append(create_button(index, element)));\nbuttons_titles.forEach((element, index) => jQuery(\"#mobile-buttons\").append(create_button(index, element, true)));\n\n\nfunction setPath() {\n\tlot = gsap.to(\".fly-plane\", {motionPath: {path: \"#movepath\",align: \"#movepath\",alignOrigin: [0.5, 0.5],autoRotate: true,start: 0,end: 1},paused:true,ease:0});\n\tsetFlightPosition(previous_position, true);\n\tbuttons_titles.forEach((element, index) => update_button(element, index));\n}\n\nsetPath();\n\nfunction setFlightPosition(scroll_pos, rotation = false) {\n\tpos = ( scroll_pos - window.innerHeight * .5) \/ (jQuery(\"section svg\").height() - window.innerHeight * .25);\n\t\/\/jQuery(\"#debug\").text(pos);\n\tfor(snap_test = 0; snap_test<snap_length; snap_test++) {\n\t\tif(snap[snap_test][1] < pos) continue;\n\t\tpos = snap[snap_test][0];\n\t\tbreak;\n\t}\n\tgsap.to(lot, { progress: pos, duration: 2, ease: \"power3.out\" } );\n\tif (previous_position < scroll_pos || rotation ) { jQuery(\".bombardierplane\").attr(\"style\", \"transform: rotate(90deg);\"); }\n\telse { jQuery(\".bombardierplane\").attr(\"style\", \"transform: rotate(-90deg);\"); }\n\tprevious_position = scroll_pos;\n}\n\nwindow.addEventListener(\"scroll\", function(e) {\n  last_known_scroll_position = window.scrollY;\n\n  if (!ticking) {\n    window.requestAnimationFrame(function() {\n      setFlightPosition(last_known_scroll_position);\n      ticking = false;\n    });\n\n    ticking = true;\n  }\n});\n\n\nlet container = document.getElementsByTagName(\"body\");\nconst SizeObserver = new ResizeObserver(setPath);\nSizeObserver.observe(container[0]);\n\n\njQuery(\".plane-button .planebutton\").on(\"mousedown touchstart\", function(){\n\tlet btn_text = buttons_titles[jQuery(this).parent().attr(\"id\").replace(\"mobile-\",\"\").replace(\"plane-button-\",\"\")];\n\tif (btn_text == \"Zapraszamy na kaw\u0119\") window.location.href = \"\/kontakt\"\n\telse window.location.href = \"\/en\/\" + btn_text.replace(\/(&nbsp;)|\\s\/g,\"-\");\n});\n\n});\n<\/script>\n<\/div>\n\n","protected":false},"excerpt":{"rendered":"<p>The term &#8220;creative agency&#8221; obliges, therefore our offer includes a wide variety of services tailored to our clients\u2019 needs! Starting with consulting and branding, ending with advertising, social media and everything related to them!<\/p>\n","protected":false},"author":6,"featured_media":0,"parent":0,"menu_order":0,"comment_status":"closed","ping_status":"closed","template":"","meta":{"inline_featured_image":false,"footnotes":""},"class_list":["post-2397","page","type-page","status-publish","hentry"],"blocksy_meta":{"styles_descriptor":{"styles":{"desktop":"","tablet":"","mobile":""},"google_fonts":[],"version":6}},"yoast_head":"<!-- This site is optimized with the Yoast SEO plugin v26.5 - https:\/\/yoast.com\/wordpress\/plugins\/seo\/ -->\n<title>What do we do? - Bombardier Ad Agency<\/title>\n<meta name=\"robots\" content=\"index, follow, max-snippet:-1, max-image-preview:large, max-video-preview:-1\" \/>\n<link rel=\"canonical\" href=\"https:\/\/bombardier.pro\/en\/what-do-we-do\/\" \/>\n<meta property=\"og:locale\" content=\"en_US\" \/>\n<meta property=\"og:type\" content=\"article\" \/>\n<meta property=\"og:title\" content=\"What do we do? - Bombardier Ad Agency\" \/>\n<meta property=\"og:description\" content=\"The term &quot;creative agency&quot; obliges, therefore our offer includes a wide variety of services tailored to our clients\u2019 needs! Starting with consulting and branding, ending with advertising, social media and everything related to them!\" \/>\n<meta property=\"og:url\" content=\"https:\/\/bombardier.pro\/en\/what-do-we-do\/\" \/>\n<meta property=\"og:site_name\" content=\"Bombardier Ad Agency\" \/>\n<meta property=\"article:publisher\" content=\"https:\/\/www.facebook.com\/BombardierAdAgency\" \/>\n<meta property=\"article:modified_time\" content=\"2022-09-12T07:50:40+00:00\" \/>\n<meta name=\"twitter:card\" content=\"summary_large_image\" \/>\n<script type=\"application\/ld+json\" class=\"yoast-schema-graph\">{\"@context\":\"https:\/\/schema.org\",\"@graph\":[{\"@type\":\"WebPage\",\"@id\":\"https:\/\/bombardier.pro\/en\/what-do-we-do\/\",\"url\":\"https:\/\/bombardier.pro\/en\/what-do-we-do\/\",\"name\":\"What do we do? - Bombardier Ad Agency\",\"isPartOf\":{\"@id\":\"https:\/\/bombardier.pro\/#website\"},\"primaryImageOfPage\":{\"@id\":\"https:\/\/bombardier.pro\/en\/what-do-we-do\/#primaryimage\"},\"image\":{\"@id\":\"https:\/\/bombardier.pro\/en\/what-do-we-do\/#primaryimage\"},\"thumbnailUrl\":\"https:\/\/bombardier.pro\/wp-content\/uploads\/2022\/08\/mouse.svg\",\"datePublished\":\"2020-06-09T01:51:45+00:00\",\"dateModified\":\"2022-09-12T07:50:40+00:00\",\"breadcrumb\":{\"@id\":\"https:\/\/bombardier.pro\/en\/what-do-we-do\/#breadcrumb\"},\"inLanguage\":\"en-US\",\"potentialAction\":[{\"@type\":\"ReadAction\",\"target\":[\"https:\/\/bombardier.pro\/en\/what-do-we-do\/\"]}]},{\"@type\":\"ImageObject\",\"inLanguage\":\"en-US\",\"@id\":\"https:\/\/bombardier.pro\/en\/what-do-we-do\/#primaryimage\",\"url\":\"https:\/\/bombardier.pro\/wp-content\/uploads\/2022\/08\/mouse.svg\",\"contentUrl\":\"https:\/\/bombardier.pro\/wp-content\/uploads\/2022\/08\/mouse.svg\"},{\"@type\":\"BreadcrumbList\",\"@id\":\"https:\/\/bombardier.pro\/en\/what-do-we-do\/#breadcrumb\",\"itemListElement\":[{\"@type\":\"ListItem\",\"position\":1,\"name\":\"Strona g\u0142\u00f3wna\",\"item\":\"https:\/\/bombardier.pro\/en\/\"},{\"@type\":\"ListItem\",\"position\":2,\"name\":\"What do we do?\"}]},{\"@type\":\"WebSite\",\"@id\":\"https:\/\/bombardier.pro\/#website\",\"url\":\"https:\/\/bombardier.pro\/\",\"name\":\"Bombardier Ad Agency\",\"description\":\"Jeste\u015bmy agencj\u0105 tworz\u0105c\u0105 nowoczesny, solidny i kreatywny marketing\",\"publisher\":{\"@id\":\"https:\/\/bombardier.pro\/#organization\"},\"potentialAction\":[{\"@type\":\"SearchAction\",\"target\":{\"@type\":\"EntryPoint\",\"urlTemplate\":\"https:\/\/bombardier.pro\/?s={search_term_string}\"},\"query-input\":{\"@type\":\"PropertyValueSpecification\",\"valueRequired\":true,\"valueName\":\"search_term_string\"}}],\"inLanguage\":\"en-US\"},{\"@type\":\"Organization\",\"@id\":\"https:\/\/bombardier.pro\/#organization\",\"name\":\"Bombardier Ad Agency\",\"url\":\"https:\/\/bombardier.pro\/\",\"logo\":{\"@type\":\"ImageObject\",\"inLanguage\":\"en-US\",\"@id\":\"https:\/\/bombardier.pro\/#\/schema\/logo\/image\/\",\"url\":\"https:\/\/bombardier.pro\/wp-content\/uploads\/2022\/09\/logo-1-1.svg\",\"contentUrl\":\"https:\/\/bombardier.pro\/wp-content\/uploads\/2022\/09\/logo-1-1.svg\",\"width\":330,\"height\":67,\"caption\":\"Bombardier Ad Agency\"},\"image\":{\"@id\":\"https:\/\/bombardier.pro\/#\/schema\/logo\/image\/\"},\"sameAs\":[\"https:\/\/www.facebook.com\/BombardierAdAgency\",\"https:\/\/www.behance.net\/BombardierADAgency\",\"https:\/\/www.instagram.com\/bombardieradagency\/\",\"https:\/\/www.tiktok.com\/@bombardier.agency\"]}]}<\/script>\n<!-- \/ Yoast SEO plugin. -->","yoast_head_json":{"title":"What do we do? - Bombardier Ad Agency","robots":{"index":"index","follow":"follow","max-snippet":"max-snippet:-1","max-image-preview":"max-image-preview:large","max-video-preview":"max-video-preview:-1"},"canonical":"https:\/\/bombardier.pro\/en\/what-do-we-do\/","og_locale":"en_US","og_type":"article","og_title":"What do we do? - Bombardier Ad Agency","og_description":"The term \"creative agency\" obliges, therefore our offer includes a wide variety of services tailored to our clients\u2019 needs! Starting with consulting and branding, ending with advertising, social media and everything related to them!","og_url":"https:\/\/bombardier.pro\/en\/what-do-we-do\/","og_site_name":"Bombardier Ad Agency","article_publisher":"https:\/\/www.facebook.com\/BombardierAdAgency","article_modified_time":"2022-09-12T07:50:40+00:00","twitter_card":"summary_large_image","schema":{"@context":"https:\/\/schema.org","@graph":[{"@type":"WebPage","@id":"https:\/\/bombardier.pro\/en\/what-do-we-do\/","url":"https:\/\/bombardier.pro\/en\/what-do-we-do\/","name":"What do we do? - Bombardier Ad Agency","isPartOf":{"@id":"https:\/\/bombardier.pro\/#website"},"primaryImageOfPage":{"@id":"https:\/\/bombardier.pro\/en\/what-do-we-do\/#primaryimage"},"image":{"@id":"https:\/\/bombardier.pro\/en\/what-do-we-do\/#primaryimage"},"thumbnailUrl":"https:\/\/bombardier.pro\/wp-content\/uploads\/2022\/08\/mouse.svg","datePublished":"2020-06-09T01:51:45+00:00","dateModified":"2022-09-12T07:50:40+00:00","breadcrumb":{"@id":"https:\/\/bombardier.pro\/en\/what-do-we-do\/#breadcrumb"},"inLanguage":"en-US","potentialAction":[{"@type":"ReadAction","target":["https:\/\/bombardier.pro\/en\/what-do-we-do\/"]}]},{"@type":"ImageObject","inLanguage":"en-US","@id":"https:\/\/bombardier.pro\/en\/what-do-we-do\/#primaryimage","url":"https:\/\/bombardier.pro\/wp-content\/uploads\/2022\/08\/mouse.svg","contentUrl":"https:\/\/bombardier.pro\/wp-content\/uploads\/2022\/08\/mouse.svg"},{"@type":"BreadcrumbList","@id":"https:\/\/bombardier.pro\/en\/what-do-we-do\/#breadcrumb","itemListElement":[{"@type":"ListItem","position":1,"name":"Strona g\u0142\u00f3wna","item":"https:\/\/bombardier.pro\/en\/"},{"@type":"ListItem","position":2,"name":"What do we do?"}]},{"@type":"WebSite","@id":"https:\/\/bombardier.pro\/#website","url":"https:\/\/bombardier.pro\/","name":"Bombardier Ad Agency","description":"Jeste\u015bmy agencj\u0105 tworz\u0105c\u0105 nowoczesny, solidny i kreatywny marketing","publisher":{"@id":"https:\/\/bombardier.pro\/#organization"},"potentialAction":[{"@type":"SearchAction","target":{"@type":"EntryPoint","urlTemplate":"https:\/\/bombardier.pro\/?s={search_term_string}"},"query-input":{"@type":"PropertyValueSpecification","valueRequired":true,"valueName":"search_term_string"}}],"inLanguage":"en-US"},{"@type":"Organization","@id":"https:\/\/bombardier.pro\/#organization","name":"Bombardier Ad Agency","url":"https:\/\/bombardier.pro\/","logo":{"@type":"ImageObject","inLanguage":"en-US","@id":"https:\/\/bombardier.pro\/#\/schema\/logo\/image\/","url":"https:\/\/bombardier.pro\/wp-content\/uploads\/2022\/09\/logo-1-1.svg","contentUrl":"https:\/\/bombardier.pro\/wp-content\/uploads\/2022\/09\/logo-1-1.svg","width":330,"height":67,"caption":"Bombardier Ad Agency"},"image":{"@id":"https:\/\/bombardier.pro\/#\/schema\/logo\/image\/"},"sameAs":["https:\/\/www.facebook.com\/BombardierAdAgency","https:\/\/www.behance.net\/BombardierADAgency","https:\/\/www.instagram.com\/bombardieradagency\/","https:\/\/www.tiktok.com\/@bombardier.agency"]}]}},"_links":{"self":[{"href":"https:\/\/bombardier.pro\/en\/wp-json\/wp\/v2\/pages\/2397","targetHints":{"allow":["GET"]}}],"collection":[{"href":"https:\/\/bombardier.pro\/en\/wp-json\/wp\/v2\/pages"}],"about":[{"href":"https:\/\/bombardier.pro\/en\/wp-json\/wp\/v2\/types\/page"}],"author":[{"embeddable":true,"href":"https:\/\/bombardier.pro\/en\/wp-json\/wp\/v2\/users\/6"}],"replies":[{"embeddable":true,"href":"https:\/\/bombardier.pro\/en\/wp-json\/wp\/v2\/comments?post=2397"}],"version-history":[{"count":1,"href":"https:\/\/bombardier.pro\/en\/wp-json\/wp\/v2\/pages\/2397\/revisions"}],"predecessor-version":[{"id":2398,"href":"https:\/\/bombardier.pro\/en\/wp-json\/wp\/v2\/pages\/2397\/revisions\/2398"}],"wp:attachment":[{"href":"https:\/\/bombardier.pro\/en\/wp-json\/wp\/v2\/media?parent=2397"}],"curies":[{"name":"wp","href":"https:\/\/api.w.org\/{rel}","templated":true}]}}