{"id":2408,"date":"2021-05-13T03:13:49","date_gmt":"2021-05-13T01:13:49","guid":{"rendered":"https:\/\/bombardier.pro\/have-a-coffee-with-us\/"},"modified":"2022-09-22T03:35:21","modified_gmt":"2022-09-22T01:35:21","slug":"have-a-coffee-with-us","status":"publish","type":"page","link":"https:\/\/bombardier.pro\/en\/have-a-coffee-with-us\/","title":{"rendered":"Have a coffee with us"},"content":{"rendered":"\n<figure class=\"wp-block-image aligncenter size-large is-resized contakt-plane\"><img decoding=\"async\" src=\"https:\/\/bombardier.pro\/wp-content\/uploads\/2022\/08\/plane-contact.svg\" alt=\"\" class=\"wp-image-2075\" width=\"100\"\/><\/figure>\n\n<div class=\"wp-block-stackable-columns alignfull contact-content stk-block-columns stk-block stk-d223640\" data-block-id=\"d223640\"><style>.stk-d223640{margin-bottom:0px !important}<\/style><div class=\"stk-row stk-inner-blocks stk-block-content stk-content-align stk-d223640-column alignfull\">\n<div class=\"wp-block-stackable-column stk-block-column stk-column stk-block stk-04cb199\" data-block-id=\"04cb199\"><div class=\"stk-column-wrapper stk-block-column__content stk-container stk-04cb199-container stk--no-background stk--no-padding\"><div class=\"stk-block-content stk-inner-blocks\">\n<div style=\"height:200px\" aria-hidden=\"true\" class=\"wp-block-spacer\"><\/div>\n\n\n\n<div class=\"wp-block-group padx1 is-layout-flow wp-block-group-is-layout-flow\">\n<h1 class=\"wp-block-heading\">Have a coffee with us<\/h1>\n\n\n\n<p>Are you wondering what the best solution for you and your company is? If so, visit us for a coffee and consultation! We will listen to you carefully and then help you develop the right marketing strategy.<\/p>\n\n\n\n<div class=\"wp-block-buttons is-content-justification-center is-layout-flex wp-container-core-buttons-is-layout-a89b3969 wp-block-buttons-is-layout-flex\">\n<div class=\"wp-block-button\"><a class=\"wp-block-button__link\" href=\"mailto:kontakt@bombardier.pro\"><svg xmlns=\"http:\/\/www.w3.org\/2000\/svg\" width=\"24\" height=\"24\" viewBox=\"0 0 24 24\" class=\"icon-phone icon-print\"><path d=\"M0 3v18h24v-18h-24zm6.623 7.929l-4.623 5.712v-9.458l4.623 3.746zm-4.141-5.929h19.035l-9.517 7.713-9.518-7.713zm5.694 7.188l3.824 3.099 3.83-3.104 5.612 6.817h-18.779l5.513-6.812zm9.208-1.264l4.616-3.741v9.348l-4.616-5.607z\"><\/path><\/svg> Write to us<\/a><\/div>\n<\/div>\n\n\n\n<div style=\"height:100px\" aria-hidden=\"true\" class=\"wp-block-spacer\"><\/div>\n<\/div>\n\n\n\n<figure class=\"wp-block-gallery has-nested-images columns-default home-icons wp-block-gallery-1 is-layout-flex wp-block-gallery-is-layout-flex\">\n<figure class=\"wp-block-image size-large\"><img loading=\"lazy\" decoding=\"async\" width=\"100\" height=\"100\" data-id=\"316\" src=\"https:\/\/bombardier.pro\/wp-content\/uploads\/2021\/05\/ikony-kontakt-01.svg\" alt=\"\" class=\"wp-image-316\"\/><\/figure>\n\n\n\n<figure class=\"wp-block-image size-large\"><img loading=\"lazy\" decoding=\"async\" width=\"52\" height=\"49\" data-id=\"314\" src=\"https:\/\/bombardier.pro\/wp-content\/uploads\/2021\/05\/ikony-kontakt-02.svg\" alt=\"\" class=\"wp-image-314\"\/><\/figure>\n\n\n\n<figure class=\"wp-block-image size-large\"><img loading=\"lazy\" decoding=\"async\" width=\"47\" height=\"37\" data-id=\"315\" src=\"https:\/\/bombardier.pro\/wp-content\/uploads\/2021\/05\/ikony-kontakt-03.svg\" alt=\"\" class=\"wp-image-315\"\/><\/figure>\n<\/figure>\n<\/div><\/div><\/div>\n\n\n\n<div class=\"wp-block-stackable-column stk-block-column stk-column stk-block stk-20ece1a stk-block-background\" data-block-id=\"20ece1a\"><style>.stk-20ece1a{background-color:var(--theme-palette-color-2,#8E7731) !important}.stk-20ece1a:before{background-color:var(--theme-palette-color-2,#8E7731) !important}<\/style><div class=\"stk-column-wrapper stk-block-column__content stk-container stk-20ece1a-container stk--no-background stk--no-padding\"><div class=\"stk-block-content stk-inner-blocks\">\n<div style=\"height:300px\" aria-hidden=\"true\" class=\"wp-block-spacer hide-mobile\"><\/div>\n\n\n\n<div class=\"wp-block-group padx1 is-layout-flow wp-block-group-is-layout-flow\">\n<p class=\"kontakt-link\"><a href=\"tel:+48535200997\"><svg xmlns=\"http:\/\/www.w3.org\/2000\/svg\" viewBox=\"0 0 181.352 181.352\" class=\"icon-email icon-print\"><defs><\/defs><path d=\"M169.393 167.37l-14.919 9.848c-9.604 6.614-50.531 14.049-106.211-53.404C-5.415 58.873 9.934 22.86 17.134 14.555L29.523 1.678c2.921-2.491 7.328-2.198 9.839.811l32.583 38.543.02.02c2.384 2.824 2.306 7.22-.83 9.868v.029l-14.44 10.415c-5.716 5.667-.733 14.587 5.11 23.204l27.786 32.808c12.926 12.477 20.009 18.241 26.194 14.118l12.008-13.395c2.941-2.472 7.328-2.169 9.839.821l32.603 38.543v.02c2.372 2.833 2.284 7.22-.842 9.887z\"><\/path><\/svg>535 200 997<\/a><br\/><a href=\"mailto:kontakt@bombardier.pro\"><svg xmlns=\"http:\/\/www.w3.org\/2000\/svg\" width=\"24\" height=\"24\" viewBox=\"0 0 24 24\" class=\"icon-phone icon-print\"><path d=\"M0 3v18h24v-18h-24zm6.623 7.929l-4.623 5.712v-9.458l4.623 3.746zm-4.141-5.929h19.035l-9.517 7.713-9.518-7.713zm5.694 7.188l3.824 3.099 3.83-3.104 5.612 6.817h-18.779l5.513-6.812zm9.208-1.264l4.616-3.741v9.348l-4.616-5.607z\"><\/path><\/svg>kontakt@bombardier.pro<\/a><\/p>\n\n\n\n<p class=\"has-palette-color-8-color has-text-color\" style=\"font-style:normal;font-weight:500\">ul. \u015awi\u0119tej Cecylii 4\/3<br\/>41-800 Zabrze<\/p>\n\n\n\n<p><strong>Billing address:<\/strong>&#13;\nBOMBARDIER AD AGENCY Sp. z o.o.&#13;\nul. Juliana Tuwima 42a\/1&#13;\n41-800 Zabrze<\/p>\n\n\n\n<p>NIP: 6482776617<br\/>KRS: 0000595856<\/p>\n<\/div>\n\n\n\n<div style=\"height:1rem\" aria-hidden=\"true\" class=\"wp-block-spacer\"><\/div>\n<\/div><\/div><\/div>\n<\/div><\/div>\n","protected":false},"excerpt":{"rendered":"<p>Are you wondering what the best solution for you and your company is? If so, visit us for a coffee and consultation! We will listen to you carefully and then help you develop the right marketing strategy.<\/p>\n","protected":false},"author":6,"featured_media":0,"parent":0,"menu_order":0,"comment_status":"closed","ping_status":"closed","template":"","meta":{"inline_featured_image":false,"footnotes":""},"class_list":["post-2408","page","type-page","status-publish","hentry"],"blocksy_meta":{"styles_descriptor":{"styles":{"desktop":"","tablet":"","mobile":""},"google_fonts":[],"version":6}},"yoast_head":"<!-- This site is optimized with the Yoast SEO plugin v26.5 - https:\/\/yoast.com\/wordpress\/plugins\/seo\/ -->\n<title>Have a coffee with us - Bombardier Ad Agency<\/title>\n<meta name=\"robots\" content=\"index, follow, max-snippet:-1, max-image-preview:large, max-video-preview:-1\" \/>\n<link rel=\"canonical\" href=\"https:\/\/bombardier.pro\/en\/have-a-coffee-with-us\/\" \/>\n<meta property=\"og:locale\" content=\"en_US\" \/>\n<meta property=\"og:type\" content=\"article\" \/>\n<meta property=\"og:title\" content=\"Have a coffee with us - Bombardier Ad Agency\" \/>\n<meta property=\"og:description\" content=\"Are you wondering what the best solution for you and your company is? If so, visit us for a coffee and consultation! We will listen to you carefully and then help you develop the right marketing strategy.\" \/>\n<meta property=\"og:url\" content=\"https:\/\/bombardier.pro\/en\/have-a-coffee-with-us\/\" \/>\n<meta property=\"og:site_name\" content=\"Bombardier Ad Agency\" \/>\n<meta property=\"article:publisher\" content=\"https:\/\/www.facebook.com\/BombardierAdAgency\" \/>\n<meta property=\"article:modified_time\" content=\"2022-09-22T01:35:21+00:00\" \/>\n<meta name=\"twitter:card\" content=\"summary_large_image\" \/>\n<script type=\"application\/ld+json\" class=\"yoast-schema-graph\">{\"@context\":\"https:\/\/schema.org\",\"@graph\":[{\"@type\":\"WebPage\",\"@id\":\"https:\/\/bombardier.pro\/en\/have-a-coffee-with-us\/\",\"url\":\"https:\/\/bombardier.pro\/en\/have-a-coffee-with-us\/\",\"name\":\"Have a coffee with us - Bombardier Ad Agency\",\"isPartOf\":{\"@id\":\"https:\/\/bombardier.pro\/#website\"},\"primaryImageOfPage\":{\"@id\":\"https:\/\/bombardier.pro\/en\/have-a-coffee-with-us\/#primaryimage\"},\"image\":{\"@id\":\"https:\/\/bombardier.pro\/en\/have-a-coffee-with-us\/#primaryimage\"},\"thumbnailUrl\":\"https:\/\/bombardier.pro\/wp-content\/uploads\/2022\/08\/plane-contact.svg\",\"datePublished\":\"2021-05-13T01:13:49+00:00\",\"dateModified\":\"2022-09-22T01:35:21+00:00\",\"breadcrumb\":{\"@id\":\"https:\/\/bombardier.pro\/en\/have-a-coffee-with-us\/#breadcrumb\"},\"inLanguage\":\"en-US\",\"potentialAction\":[{\"@type\":\"ReadAction\",\"target\":[\"https:\/\/bombardier.pro\/en\/have-a-coffee-with-us\/\"]}]},{\"@type\":\"ImageObject\",\"inLanguage\":\"en-US\",\"@id\":\"https:\/\/bombardier.pro\/en\/have-a-coffee-with-us\/#primaryimage\",\"url\":\"https:\/\/bombardier.pro\/wp-content\/uploads\/2022\/08\/plane-contact.svg\",\"contentUrl\":\"https:\/\/bombardier.pro\/wp-content\/uploads\/2022\/08\/plane-contact.svg\"},{\"@type\":\"BreadcrumbList\",\"@id\":\"https:\/\/bombardier.pro\/en\/have-a-coffee-with-us\/#breadcrumb\",\"itemListElement\":[{\"@type\":\"ListItem\",\"position\":1,\"name\":\"Strona g\u0142\u00f3wna\",\"item\":\"https:\/\/bombardier.pro\/en\/\"},{\"@type\":\"ListItem\",\"position\":2,\"name\":\"Have a coffee with us\"}]},{\"@type\":\"WebSite\",\"@id\":\"https:\/\/bombardier.pro\/#website\",\"url\":\"https:\/\/bombardier.pro\/\",\"name\":\"Bombardier Ad Agency\",\"description\":\"Jeste\u015bmy agencj\u0105 tworz\u0105c\u0105 nowoczesny, solidny i kreatywny marketing\",\"publisher\":{\"@id\":\"https:\/\/bombardier.pro\/#organization\"},\"potentialAction\":[{\"@type\":\"SearchAction\",\"target\":{\"@type\":\"EntryPoint\",\"urlTemplate\":\"https:\/\/bombardier.pro\/?s={search_term_string}\"},\"query-input\":{\"@type\":\"PropertyValueSpecification\",\"valueRequired\":true,\"valueName\":\"search_term_string\"}}],\"inLanguage\":\"en-US\"},{\"@type\":\"Organization\",\"@id\":\"https:\/\/bombardier.pro\/#organization\",\"name\":\"Bombardier Ad Agency\",\"url\":\"https:\/\/bombardier.pro\/\",\"logo\":{\"@type\":\"ImageObject\",\"inLanguage\":\"en-US\",\"@id\":\"https:\/\/bombardier.pro\/#\/schema\/logo\/image\/\",\"url\":\"https:\/\/bombardier.pro\/wp-content\/uploads\/2022\/09\/logo-1-1.svg\",\"contentUrl\":\"https:\/\/bombardier.pro\/wp-content\/uploads\/2022\/09\/logo-1-1.svg\",\"width\":330,\"height\":67,\"caption\":\"Bombardier Ad Agency\"},\"image\":{\"@id\":\"https:\/\/bombardier.pro\/#\/schema\/logo\/image\/\"},\"sameAs\":[\"https:\/\/www.facebook.com\/BombardierAdAgency\",\"https:\/\/www.behance.net\/BombardierADAgency\",\"https:\/\/www.instagram.com\/bombardieradagency\/\",\"https:\/\/www.tiktok.com\/@bombardier.agency\"]}]}<\/script>\n<!-- \/ Yoast SEO plugin. -->","yoast_head_json":{"title":"Have a coffee with us - Bombardier Ad Agency","robots":{"index":"index","follow":"follow","max-snippet":"max-snippet:-1","max-image-preview":"max-image-preview:large","max-video-preview":"max-video-preview:-1"},"canonical":"https:\/\/bombardier.pro\/en\/have-a-coffee-with-us\/","og_locale":"en_US","og_type":"article","og_title":"Have a coffee with us - Bombardier Ad Agency","og_description":"Are you wondering what the best solution for you and your company is? If so, visit us for a coffee and consultation! We will listen to you carefully and then help you develop the right marketing strategy.","og_url":"https:\/\/bombardier.pro\/en\/have-a-coffee-with-us\/","og_site_name":"Bombardier Ad Agency","article_publisher":"https:\/\/www.facebook.com\/BombardierAdAgency","article_modified_time":"2022-09-22T01:35:21+00:00","twitter_card":"summary_large_image","schema":{"@context":"https:\/\/schema.org","@graph":[{"@type":"WebPage","@id":"https:\/\/bombardier.pro\/en\/have-a-coffee-with-us\/","url":"https:\/\/bombardier.pro\/en\/have-a-coffee-with-us\/","name":"Have a coffee with us - Bombardier Ad Agency","isPartOf":{"@id":"https:\/\/bombardier.pro\/#website"},"primaryImageOfPage":{"@id":"https:\/\/bombardier.pro\/en\/have-a-coffee-with-us\/#primaryimage"},"image":{"@id":"https:\/\/bombardier.pro\/en\/have-a-coffee-with-us\/#primaryimage"},"thumbnailUrl":"https:\/\/bombardier.pro\/wp-content\/uploads\/2022\/08\/plane-contact.svg","datePublished":"2021-05-13T01:13:49+00:00","dateModified":"2022-09-22T01:35:21+00:00","breadcrumb":{"@id":"https:\/\/bombardier.pro\/en\/have-a-coffee-with-us\/#breadcrumb"},"inLanguage":"en-US","potentialAction":[{"@type":"ReadAction","target":["https:\/\/bombardier.pro\/en\/have-a-coffee-with-us\/"]}]},{"@type":"ImageObject","inLanguage":"en-US","@id":"https:\/\/bombardier.pro\/en\/have-a-coffee-with-us\/#primaryimage","url":"https:\/\/bombardier.pro\/wp-content\/uploads\/2022\/08\/plane-contact.svg","contentUrl":"https:\/\/bombardier.pro\/wp-content\/uploads\/2022\/08\/plane-contact.svg"},{"@type":"BreadcrumbList","@id":"https:\/\/bombardier.pro\/en\/have-a-coffee-with-us\/#breadcrumb","itemListElement":[{"@type":"ListItem","position":1,"name":"Strona g\u0142\u00f3wna","item":"https:\/\/bombardier.pro\/en\/"},{"@type":"ListItem","position":2,"name":"Have a coffee with us"}]},{"@type":"WebSite","@id":"https:\/\/bombardier.pro\/#website","url":"https:\/\/bombardier.pro\/","name":"Bombardier Ad Agency","description":"Jeste\u015bmy agencj\u0105 tworz\u0105c\u0105 nowoczesny, solidny i kreatywny marketing","publisher":{"@id":"https:\/\/bombardier.pro\/#organization"},"potentialAction":[{"@type":"SearchAction","target":{"@type":"EntryPoint","urlTemplate":"https:\/\/bombardier.pro\/?s={search_term_string}"},"query-input":{"@type":"PropertyValueSpecification","valueRequired":true,"valueName":"search_term_string"}}],"inLanguage":"en-US"},{"@type":"Organization","@id":"https:\/\/bombardier.pro\/#organization","name":"Bombardier Ad Agency","url":"https:\/\/bombardier.pro\/","logo":{"@type":"ImageObject","inLanguage":"en-US","@id":"https:\/\/bombardier.pro\/#\/schema\/logo\/image\/","url":"https:\/\/bombardier.pro\/wp-content\/uploads\/2022\/09\/logo-1-1.svg","contentUrl":"https:\/\/bombardier.pro\/wp-content\/uploads\/2022\/09\/logo-1-1.svg","width":330,"height":67,"caption":"Bombardier Ad Agency"},"image":{"@id":"https:\/\/bombardier.pro\/#\/schema\/logo\/image\/"},"sameAs":["https:\/\/www.facebook.com\/BombardierAdAgency","https:\/\/www.behance.net\/BombardierADAgency","https:\/\/www.instagram.com\/bombardieradagency\/","https:\/\/www.tiktok.com\/@bombardier.agency"]}]}},"_links":{"self":[{"href":"https:\/\/bombardier.pro\/en\/wp-json\/wp\/v2\/pages\/2408","targetHints":{"allow":["GET"]}}],"collection":[{"href":"https:\/\/bombardier.pro\/en\/wp-json\/wp\/v2\/pages"}],"about":[{"href":"https:\/\/bombardier.pro\/en\/wp-json\/wp\/v2\/types\/page"}],"author":[{"embeddable":true,"href":"https:\/\/bombardier.pro\/en\/wp-json\/wp\/v2\/users\/6"}],"replies":[{"embeddable":true,"href":"https:\/\/bombardier.pro\/en\/wp-json\/wp\/v2\/comments?post=2408"}],"version-history":[{"count":15,"href":"https:\/\/bombardier.pro\/en\/wp-json\/wp\/v2\/pages\/2408\/revisions"}],"predecessor-version":[{"id":2448,"href":"https:\/\/bombardier.pro\/en\/wp-json\/wp\/v2\/pages\/2408\/revisions\/2448"}],"wp:attachment":[{"href":"https:\/\/bombardier.pro\/en\/wp-json\/wp\/v2\/media?parent=2408"}],"curies":[{"name":"wp","href":"https:\/\/api.w.org\/{rel}","templated":true}]}}